{"id":74,"date":"2021-03-21T17:43:23","date_gmt":"2021-03-21T16:43:23","guid":{"rendered":"https:\/\/radiovocecamuna.it\/?page_id=74"},"modified":"2024-03-10T12:39:02","modified_gmt":"2024-03-10T11:39:02","slug":"news","status":"publish","type":"page","link":"https:\/\/radiovocecamuna.it\/index.php\/news\/","title":{"rendered":"News"},"content":{"rendered":"\n<p>Anche se Radio Voce Camuna opera in una piccola area, non rinuncia ad offrire al proprio pubblico occasioni per tenersi aggiornati sui principali fatti nazionali e internazionali.<\/p>\n\n\n\n<p>La scelta \u00e8 stata quella di non accodarci alla solita e banale modalit\u00e0 delle news dei network che fanno capo a entit\u00e0 pubbliche o a cordate economico-finanziarie con interessi precisi.<\/p>\n\n\n\n<p>Riteniamo che il modo di fare informazione del circuito cattolico InBlu e della Radio Vaticana offra uno sguardo ampio e affidabile su quello che ci accade intorno, evitando di farci anestetizzare con pseudo-notizie, prodotte a valanga dal gossip politico o dello star-system.<\/p>\n\n\n\n<p>Pertanto, rilanciamo in diretta satellitare tre edizioni del \u2018Giornale Radio \u2013 InBlu\u2019 (ore 7.00, 13.00, 18.00), otto edizioni della sua forma breve (\u2018Giornale Radio Flash \u2013 InBlu\u2019: ore 9.00, 10.00, 11.00, 12.00, 15.00, 16.00, 17.00, 19.00) e due edizioni del \u2018Giornale Radio \u2013 Radio Vaticana\u2019 (ore 8.00, 14.00), che fornisce uno sguardo davvero allargato a tutto il mondo, ben oltre le cime dei monti della Valcamonica.<\/p>\n\n\n\n<p>Il sabato (9.08 \u2013 9.58) un aggiornatissimo, pratico e controcorrente viaggio tra finanza, investimenti, banche, spread, borsa e cos\u00ec via in \u2018InBlu \u2013 L\u2019economia\u2019, condotto da Marco Girardo, responsabile delle pagine economiche del quotidiano \u2018Avvenire\u2019.<\/p>\n\n\n\n<p>Per avere un\u2019idea di cosa scrivono i giornali, ecco la \u2018Rassegna Stampa \u2013 InBlu\u2019 delle 7.05.<\/p>\n\n\n\n<p>Infine, particolare spazio allo \u2018Lo Sport \u2013 InBlu\u2019 (ore 15.03), con edizione speciale il luned\u00ec anche alle 9.07: non solo calcio nell\u2019appuntamento con Ugo Scali e Claudio Zuliani. In onda i grandi avvenimenti del fine settimana dal basket alla Formula Uno, dal tennis all\u2019atletica e altro ancora. Interviste in diretta e approfondimenti con i nomi dello sport di oggi e di ieri.<\/p>\n\n\n\n<h2 class=\"wp-block-heading\">Ascolta l&#8217;ultimo notiziario:<\/h2>\n\n\n\n<figure class=\"wp-block-audio\"><audio controls src=\"https:\/\/radiovocecamuna.it\/wp-content\/uploads\/flash.mp3\"><\/audio><\/figure>\n","protected":false},"excerpt":{"rendered":"<p>Anche se Radio Voce Camuna opera in una piccola area, non rinuncia ad offrire al proprio pubblico occasioni per tenersi aggiornati sui principali fatti nazionali e internazionali. La scelta \u00e8 stata quella di non accodarci alla solita e banale modalit\u00e0 delle news dei network che fanno capo a entit\u00e0 pubbliche o a cordate economico-finanziarie con [&hellip;]<\/p>\n","protected":false},"author":1,"featured_media":6881,"parent":0,"menu_order":0,"comment_status":"closed","ping_status":"closed","template":"","meta":{"_monsterinsights_skip_tracking":false,"_monsterinsights_sitenote_active":false,"_monsterinsights_sitenote_note":"","_monsterinsights_sitenote_category":0,"footnotes":""},"class_list":["post-74","page","type-page","status-publish","has-post-thumbnail","hentry"],"yoast_head":"<!-- This site is optimized with the Yoast SEO plugin v23.4 - https:\/\/yoast.com\/wordpress\/plugins\/seo\/ -->\n<title>News - Il vero sito di Radio Voce Camuna<\/title>\n<meta name=\"robots\" content=\"index, follow, max-snippet:-1, max-image-preview:large, max-video-preview:-1\" \/>\n<link rel=\"canonical\" href=\"https:\/\/radiovocecamuna.it\/index.php\/news\/\" \/>\n<meta property=\"og:locale\" content=\"it_IT\" \/>\n<meta property=\"og:type\" content=\"article\" \/>\n<meta property=\"og:title\" content=\"News - Il vero sito di Radio Voce Camuna\" \/>\n<meta property=\"og:description\" content=\"Anche se Radio Voce Camuna opera in una piccola area, non rinuncia ad offrire al proprio pubblico occasioni per tenersi aggiornati sui principali fatti nazionali e internazionali. La scelta \u00e8 stata quella di non accodarci alla solita e banale modalit\u00e0 delle news dei network che fanno capo a entit\u00e0 pubbliche o a cordate economico-finanziarie con [&hellip;]\" \/>\n<meta property=\"og:url\" content=\"https:\/\/radiovocecamuna.it\/index.php\/news\/\" \/>\n<meta property=\"og:site_name\" content=\"Il vero sito di Radio Voce Camuna\" \/>\n<meta property=\"article:publisher\" content=\"https:\/\/www.facebook.com\/radiovocecamuna\" \/>\n<meta property=\"article:modified_time\" content=\"2024-03-10T11:39:02+00:00\" \/>\n<meta property=\"og:image\" content=\"https:\/\/radiovocecamuna.it\/wp-content\/uploads\/2024\/03\/news.jpg\" \/>\n\t<meta property=\"og:image:width\" content=\"512\" \/>\n\t<meta property=\"og:image:height\" content=\"299\" \/>\n\t<meta property=\"og:image:type\" content=\"image\/jpeg\" \/>\n<meta name=\"twitter:card\" content=\"summary_large_image\" \/>\n<meta name=\"twitter:label1\" content=\"Tempo di lettura stimato\" \/>\n\t<meta name=\"twitter:data1\" content=\"2 minuti\" \/>\n<script type=\"application\/ld+json\" class=\"yoast-schema-graph\">{\"@context\":\"https:\/\/schema.org\",\"@graph\":[{\"@type\":\"WebPage\",\"@id\":\"https:\/\/radiovocecamuna.it\/index.php\/news\/\",\"url\":\"https:\/\/radiovocecamuna.it\/index.php\/news\/\",\"name\":\"News - Il vero sito di Radio Voce Camuna\",\"isPartOf\":{\"@id\":\"https:\/\/radiovocecamuna.it\/#website\"},\"primaryImageOfPage\":{\"@id\":\"https:\/\/radiovocecamuna.it\/index.php\/news\/#primaryimage\"},\"image\":{\"@id\":\"https:\/\/radiovocecamuna.it\/index.php\/news\/#primaryimage\"},\"thumbnailUrl\":\"https:\/\/radiovocecamuna.it\/wp-content\/uploads\/2024\/03\/news.jpg\",\"datePublished\":\"2021-03-21T16:43:23+00:00\",\"dateModified\":\"2024-03-10T11:39:02+00:00\",\"breadcrumb\":{\"@id\":\"https:\/\/radiovocecamuna.it\/index.php\/news\/#breadcrumb\"},\"inLanguage\":\"it-IT\",\"potentialAction\":[{\"@type\":\"ReadAction\",\"target\":[\"https:\/\/radiovocecamuna.it\/index.php\/news\/\"]}]},{\"@type\":\"ImageObject\",\"inLanguage\":\"it-IT\",\"@id\":\"https:\/\/radiovocecamuna.it\/index.php\/news\/#primaryimage\",\"url\":\"https:\/\/radiovocecamuna.it\/wp-content\/uploads\/2024\/03\/news.jpg\",\"contentUrl\":\"https:\/\/radiovocecamuna.it\/wp-content\/uploads\/2024\/03\/news.jpg\",\"width\":512,\"height\":299,\"caption\":\"news\"},{\"@type\":\"BreadcrumbList\",\"@id\":\"https:\/\/radiovocecamuna.it\/index.php\/news\/#breadcrumb\",\"itemListElement\":[{\"@type\":\"ListItem\",\"position\":1,\"name\":\"Home\",\"item\":\"https:\/\/radiovocecamuna.it\/\"},{\"@type\":\"ListItem\",\"position\":2,\"name\":\"News\"}]},{\"@type\":\"WebSite\",\"@id\":\"https:\/\/radiovocecamuna.it\/#website\",\"url\":\"https:\/\/radiovocecamuna.it\/\",\"name\":\"RadioVoceCamuna\",\"description\":\"\",\"publisher\":{\"@id\":\"https:\/\/radiovocecamuna.it\/#organization\"},\"potentialAction\":[{\"@type\":\"SearchAction\",\"target\":{\"@type\":\"EntryPoint\",\"urlTemplate\":\"https:\/\/radiovocecamuna.it\/?s={search_term_string}\"},\"query-input\":{\"@type\":\"PropertyValueSpecification\",\"valueRequired\":true,\"valueName\":\"search_term_string\"}}],\"inLanguage\":\"it-IT\"},{\"@type\":\"Organization\",\"@id\":\"https:\/\/radiovocecamuna.it\/#organization\",\"name\":\"Radio\",\"url\":\"https:\/\/radiovocecamuna.it\/\",\"logo\":{\"@type\":\"ImageObject\",\"inLanguage\":\"it-IT\",\"@id\":\"https:\/\/radiovocecamuna.it\/#\/schema\/logo\/image\/\",\"url\":\"\",\"contentUrl\":\"\",\"caption\":\"Radio\"},\"image\":{\"@id\":\"https:\/\/radiovocecamuna.it\/#\/schema\/logo\/image\/\"},\"sameAs\":[\"https:\/\/www.facebook.com\/radiovocecamuna\"]}]}<\/script>\n<!-- \/ Yoast SEO plugin. -->","yoast_head_json":{"title":"News - Il vero sito di Radio Voce Camuna","robots":{"index":"index","follow":"follow","max-snippet":"max-snippet:-1","max-image-preview":"max-image-preview:large","max-video-preview":"max-video-preview:-1"},"canonical":"https:\/\/radiovocecamuna.it\/index.php\/news\/","og_locale":"it_IT","og_type":"article","og_title":"News - Il vero sito di Radio Voce Camuna","og_description":"Anche se Radio Voce Camuna opera in una piccola area, non rinuncia ad offrire al proprio pubblico occasioni per tenersi aggiornati sui principali fatti nazionali e internazionali. La scelta \u00e8 stata quella di non accodarci alla solita e banale modalit\u00e0 delle news dei network che fanno capo a entit\u00e0 pubbliche o a cordate economico-finanziarie con [&hellip;]","og_url":"https:\/\/radiovocecamuna.it\/index.php\/news\/","og_site_name":"Il vero sito di Radio Voce Camuna","article_publisher":"https:\/\/www.facebook.com\/radiovocecamuna","article_modified_time":"2024-03-10T11:39:02+00:00","og_image":[{"width":512,"height":299,"url":"https:\/\/radiovocecamuna.it\/wp-content\/uploads\/2024\/03\/news.jpg","type":"image\/jpeg"}],"twitter_card":"summary_large_image","twitter_misc":{"Tempo di lettura stimato":"2 minuti"},"schema":{"@context":"https:\/\/schema.org","@graph":[{"@type":"WebPage","@id":"https:\/\/radiovocecamuna.it\/index.php\/news\/","url":"https:\/\/radiovocecamuna.it\/index.php\/news\/","name":"News - Il vero sito di Radio Voce Camuna","isPartOf":{"@id":"https:\/\/radiovocecamuna.it\/#website"},"primaryImageOfPage":{"@id":"https:\/\/radiovocecamuna.it\/index.php\/news\/#primaryimage"},"image":{"@id":"https:\/\/radiovocecamuna.it\/index.php\/news\/#primaryimage"},"thumbnailUrl":"https:\/\/radiovocecamuna.it\/wp-content\/uploads\/2024\/03\/news.jpg","datePublished":"2021-03-21T16:43:23+00:00","dateModified":"2024-03-10T11:39:02+00:00","breadcrumb":{"@id":"https:\/\/radiovocecamuna.it\/index.php\/news\/#breadcrumb"},"inLanguage":"it-IT","potentialAction":[{"@type":"ReadAction","target":["https:\/\/radiovocecamuna.it\/index.php\/news\/"]}]},{"@type":"ImageObject","inLanguage":"it-IT","@id":"https:\/\/radiovocecamuna.it\/index.php\/news\/#primaryimage","url":"https:\/\/radiovocecamuna.it\/wp-content\/uploads\/2024\/03\/news.jpg","contentUrl":"https:\/\/radiovocecamuna.it\/wp-content\/uploads\/2024\/03\/news.jpg","width":512,"height":299,"caption":"news"},{"@type":"BreadcrumbList","@id":"https:\/\/radiovocecamuna.it\/index.php\/news\/#breadcrumb","itemListElement":[{"@type":"ListItem","position":1,"name":"Home","item":"https:\/\/radiovocecamuna.it\/"},{"@type":"ListItem","position":2,"name":"News"}]},{"@type":"WebSite","@id":"https:\/\/radiovocecamuna.it\/#website","url":"https:\/\/radiovocecamuna.it\/","name":"RadioVoceCamuna","description":"","publisher":{"@id":"https:\/\/radiovocecamuna.it\/#organization"},"potentialAction":[{"@type":"SearchAction","target":{"@type":"EntryPoint","urlTemplate":"https:\/\/radiovocecamuna.it\/?s={search_term_string}"},"query-input":{"@type":"PropertyValueSpecification","valueRequired":true,"valueName":"search_term_string"}}],"inLanguage":"it-IT"},{"@type":"Organization","@id":"https:\/\/radiovocecamuna.it\/#organization","name":"Radio","url":"https:\/\/radiovocecamuna.it\/","logo":{"@type":"ImageObject","inLanguage":"it-IT","@id":"https:\/\/radiovocecamuna.it\/#\/schema\/logo\/image\/","url":"","contentUrl":"","caption":"Radio"},"image":{"@id":"https:\/\/radiovocecamuna.it\/#\/schema\/logo\/image\/"},"sameAs":["https:\/\/www.facebook.com\/radiovocecamuna"]}]}},"_links":{"self":[{"href":"https:\/\/radiovocecamuna.it\/index.php\/wp-json\/wp\/v2\/pages\/74"}],"collection":[{"href":"https:\/\/radiovocecamuna.it\/index.php\/wp-json\/wp\/v2\/pages"}],"about":[{"href":"https:\/\/radiovocecamuna.it\/index.php\/wp-json\/wp\/v2\/types\/page"}],"author":[{"embeddable":true,"href":"https:\/\/radiovocecamuna.it\/index.php\/wp-json\/wp\/v2\/users\/1"}],"replies":[{"embeddable":true,"href":"https:\/\/radiovocecamuna.it\/index.php\/wp-json\/wp\/v2\/comments?post=74"}],"version-history":[{"count":0,"href":"https:\/\/radiovocecamuna.it\/index.php\/wp-json\/wp\/v2\/pages\/74\/revisions"}],"wp:featuredmedia":[{"embeddable":true,"href":"https:\/\/radiovocecamuna.it\/index.php\/wp-json\/wp\/v2\/media\/6881"}],"wp:attachment":[{"href":"https:\/\/radiovocecamuna.it\/index.php\/wp-json\/wp\/v2\/media?parent=74"}],"curies":[{"name":"wp","href":"https:\/\/api.w.org\/{rel}","templated":true}]}}